{"id":49,"date":"2017-07-24T15:36:16","date_gmt":"2017-07-24T15:36:16","guid":{"rendered":"http:\/\/nadine.schmuck-dambrosio.de\/?page_id=49"},"modified":"2017-08-28T09:30:22","modified_gmt":"2017-08-28T09:30:22","slug":"rueckblick","status":"publish","type":"page","link":"https:\/\/schmuck-dambrosio.de\/?page_id=49","title":{"rendered":"R\u00fcckblick"},"content":{"rendered":"<p><span style=\"color: #91685e;\">\u22a5 Hochzeitsmessen<\/span><\/p>\n<p><span style=\"color: #333333;\">Grandhotel am Petersberg, K\u00f6nigswinter \u00a0\u2022 \u00a0\u00a0<\/span><span style=\"color: #333333;\">Bayer Casino, Leverkusen \u00a0\u00a0\u2022 <\/span><span style=\"color: #333333;\">Maritim Hotel, Bonn<\/span><\/p>\n<hr \/>\n<p><span style=\"color: #91685e;\">\u22a5 Wettbewerbe\u00a0<\/span><\/p>\n<p>Internationaler Edelstahlwettbewerb &#8216;Die Mitte der Tafel&#8217; Solingen \u00a0 \u2022 \u00a0 K\u00f6lner Handwerksmesse &#8216;K\u00f6rperschmuckprojekt&#8217;, K\u00f6ln \u00a0 \u2022 \u00a0 AKK-Gestaltungswettbewerb, K\u00f6ln<\/p>\n<hr \/>\n<p><span style=\"color: #91685e;\">\u22a5 Sonstige Ausstellungen<\/span><\/p>\n<p>Weihnachtsmarkt Burg Heimerzheim, Swistal \u00a0 \u2022 \u00a0 &#8216;Sahnest\u00fccke&#8217; \u00a0Designmesse Burg Konradsheim, Erftstadt \u00a0 \u2022 \u00a0 Galerie Zebra, D\u00fcsseldorf \u00a0 \u2022 \u00a0 Kunstmarkt &#8216;Kunst hilft Kenia&#8217; , Br\u00fchl \u00a0 \u2022 \u00a0 ArtForum Kunstverein, Wesseling \u00a0 \u2022 \u00a0 Br\u00fchler Gestalten, Br\u00fchl \u00a0 \u2022 \u00a0 Kunsthandwerkermesse Schlo\u00df Burg, Solingen \u00a0 \u2022\u00a0Trinsenturm, Ratingen \u00a0 \u2022 \u00a0 Sachsenvilla, Leverkusen \u00a0 \u2022 \u00a0 Adventsausstellung, \u00a0Bornheim-Sechtem \u00a0 \u2022 \u00a0 Ostermarkt und Weihnachtsmarkt, \u00a0Alfter-Oedekoven \u00a0 \u2022 \u00a0 mio Ladies night und open showroom, Br\u00fchl \u00a0 \u2022 \u00a0 Altenberger Dom Laden, Altenberg \u00a0 \u2022 \u00a0 Kunstgalerie Kremer, D\u00fcsseldorf \u00a0 \u2022 \u00a0 Kunstgalerie Luigidi, Mainz<\/p>\n<hr \/>\n<p>&nbsp;<\/p>\n","protected":false},"excerpt":{"rendered":"<p>\u22a5 Hochzeitsmessen Grandhotel am Petersberg, K\u00f6nigswinter \u00a0\u2022 \u00a0\u00a0Bayer Casino, Leverkusen \u00a0\u00a0\u2022 Maritim Hotel, Bonn \u22a5 Wettbewerbe\u00a0 Internationaler Edelstahlwettbewerb &#8216;Die Mitte der Tafel&#8217; Solingen \u00a0 \u2022 \u00a0 K\u00f6lner Handwerksmesse &#8216;K\u00f6rperschmuckprojekt&#8217;, K\u00f6ln \u00a0 \u2022 \u00a0 AKK-Gestaltungswettbewerb, K\u00f6ln \u22a5 Sonstige Ausstellungen Weihnachtsmarkt Burg Heimerzheim, Swistal \u00a0 \u2022 \u00a0 &#8216;Sahnest\u00fccke&#8217; \u00a0Designmesse Burg Konradsheim, Erftstadt \u00a0 \u2022 \u00a0 Galerie Zebra, &hellip; <\/p>\n<p class=\"link-more\"><a href=\"https:\/\/schmuck-dambrosio.de\/?page_id=49\" class=\"more-link\"><span class=\"screen-reader-text\">\u201eR\u00fcckblick\u201c<\/span> weiterlesen<\/a><\/p>\n","protected":false},"author":1,"featured_media":0,"parent":0,"menu_order":0,"comment_status":"closed","ping_status":"closed","template":"","meta":{"footnotes":""},"class_list":["post-49","page","type-page","status-publish","hentry"],"jetpack_sharing_enabled":true,"_links":{"self":[{"href":"https:\/\/schmuck-dambrosio.de\/index.php?rest_route=\/wp\/v2\/pages\/49"}],"collection":[{"href":"https:\/\/schmuck-dambrosio.de\/index.php?rest_route=\/wp\/v2\/pages"}],"about":[{"href":"https:\/\/schmuck-dambrosio.de\/index.php?rest_route=\/wp\/v2\/types\/page"}],"author":[{"embeddable":true,"href":"https:\/\/schmuck-dambrosio.de\/index.php?rest_route=\/wp\/v2\/users\/1"}],"replies":[{"embeddable":true,"href":"https:\/\/schmuck-dambrosio.de\/index.php?rest_route=%2Fwp%2Fv2%2Fcomments&post=49"}],"version-history":[{"count":44,"href":"https:\/\/schmuck-dambrosio.de\/index.php?rest_route=\/wp\/v2\/pages\/49\/revisions"}],"predecessor-version":[{"id":877,"href":"https:\/\/schmuck-dambrosio.de\/index.php?rest_route=\/wp\/v2\/pages\/49\/revisions\/877"}],"wp:attachment":[{"href":"https:\/\/schmuck-dambrosio.de\/index.php?rest_route=%2Fwp%2Fv2%2Fmedia&parent=49"}],"curies":[{"name":"wp","href":"https:\/\/api.w.org\/{rel}","templated":true}]}}