{"id":850,"date":"2017-08-19T18:06:41","date_gmt":"2017-08-19T18:06:41","guid":{"rendered":"http:\/\/nadine.schmuck-dambrosio.de\/?page_id=850"},"modified":"2023-07-25T19:41:53","modified_gmt":"2023-07-25T19:41:53","slug":"a-small-good-thing","status":"publish","type":"page","link":"https:\/\/schmuck-dambrosio.de\/?page_id=850","title":{"rendered":"&#8230; a small good thing"},"content":{"rendered":"<pre><span style=\"color: #993300;\">Das Konzept <\/span>\n\n- wir sind eine Gruppe von freischaffenden, kreativen \nFrauen, die sich als kleine exclusive Manufakturen an\nunterschiedlichen ausgew\u00e4hlten Orten pr\u00e4sentieren \n\n- wir bieten ausschlie\u00dflich Unikate oder Kleinstserien, \ndie in Handarbeit hergestellt sind und auf die \nindividuellen Bed\u00fcrfnisse der Kunden abgestimmt werden\n\n- die Produkte sind einzigartig und inspirierend - \ninnovativ im Design - mit Liebe zum Detail angefertigt<\/pre>\n<h4><strong><span style=\"color: #ff0000;\"><span style=\"caret-color: #ff0000;\">Vergangene Termine :<\/span><\/span><\/strong><\/h4>\n<p><span style=\"color: #008080;\"><strong>Sonntag \u00a026.5.2019 \u00a0 \u00a0 \u00a0 \u00a0 12 &#8211; 18.00 Uhr<\/strong><\/span><\/p>\n<p><span style=\"color: #008080;\">Atelier f\u00fcr Mode \u00a0 * \u00a0 \u00a0<\/span><span style=\"color: #008080;\">Annastr. 9 \u00a0 * \u00a0 \u00a0<\/span><span style=\"color: #008080;\">50374 Erftstadt \u00a0 \u00a0 \u00a0\u00a0<\/span><\/p>\n<p><span style=\"color: #008080;\">Tel. : \u00a0 \u00a002235 &#8211; 86551 <\/span><\/p>\n<p><span style=\"color: #008080;\"><span style=\"color: #333333;\">Beate Schnepp-Pesch ( Mode ) \u00a0&#8211; \u00a0 Nadine D&#8217;Ambrosio ( Schmuck &#8211; Unikate ) &#8211; \u00a0 \u00a0 \u00a0 \u00a0Micaela Stermieri ( ital. Feinkost ) &#8211; \u00a0 Simon Hellmich \u00a0 (Photo<\/span><\/span><span style=\"color: #008080;\"><span style=\"color: #333333;\">graphie )<\/span><\/span><\/p>\n<hr \/>\n<p><span style=\"color: #008080;\"><strong>Samstag \u00a025.11.2017 \u00a0 \u00a0 \u00a0 \u00a0 12 &#8211; 17.00 Uhr<\/strong><\/span><\/p>\n<p><span style=\"color: #008080;\">Atelier f\u00fcr Mode \u00a0 * \u00a0 \u00a0Annastr. 9 \u00a0 * \u00a0 \u00a050374 Erftstadt \u00a0 \u00a0 \u00a0\u00a0<\/span><\/p>\n<p><span style=\"color: #008080;\">Tel. : \u00a0 \u00a002235 &#8211; 86551\u00a0<\/span><\/p>\n<p><span style=\"color: #333333;\">Beate Schnepp-Pesch (Mode) \u00a0&#8211; Nadine D&#8217;Ambrosio (Schmuck) &#8211; Liebesding by D\u00fcx \u00a0(Schals und T\u00fccher aus ital. Stoffen ) &#8211; Bianca Eversheim (Lingerie) &#8211; \u00a0Daniela Haag-Masters (H\u00fcte)<\/span><\/p>\n<hr \/>\n<p><img loading=\"lazy\" decoding=\"async\" class=\"alignnone wp-image-867 size-large\" src=\"https:\/\/nadine.schmuck-dambrosio.de\/wp-content\/uploads\/2017\/08\/Vorder-1024x512.jpg\" alt=\"\" width=\"525\" height=\"263\" srcset=\"https:\/\/schmuck-dambrosio.de\/wp-content\/uploads\/2017\/08\/Vorder-1024x512.jpg 1024w, https:\/\/schmuck-dambrosio.de\/wp-content\/uploads\/2017\/08\/Vorder-300x150.jpg 300w, https:\/\/schmuck-dambrosio.de\/wp-content\/uploads\/2017\/08\/Vorder-768x384.jpg 768w\" sizes=\"(max-width: 525px) 100vw, 525px\" \/><\/p>\n<p><img loading=\"lazy\" decoding=\"async\" class=\"alignnone wp-image-868 size-large\" src=\"https:\/\/nadine.schmuck-dambrosio.de\/wp-content\/uploads\/2017\/08\/R\u00fcck-1024x512.jpg\" alt=\"\" width=\"525\" height=\"263\" srcset=\"https:\/\/schmuck-dambrosio.de\/wp-content\/uploads\/2017\/08\/R\u00fcck-1024x512.jpg 1024w, https:\/\/schmuck-dambrosio.de\/wp-content\/uploads\/2017\/08\/R\u00fcck-300x150.jpg 300w, https:\/\/schmuck-dambrosio.de\/wp-content\/uploads\/2017\/08\/R\u00fcck-768x384.jpg 768w\" sizes=\"(max-width: 525px) 100vw, 525px\" \/><\/p>\n","protected":false},"excerpt":{"rendered":"<p>Das Konzept &#8211; wir sind eine Gruppe von freischaffenden, kreativen Frauen, die sich als kleine exclusive Manufakturen an unterschiedlichen ausgew\u00e4hlten Orten pr\u00e4sentieren &#8211; wir bieten ausschlie\u00dflich Unikate oder Kleinstserien, die in Handarbeit hergestellt sind und auf die individuellen Bed\u00fcrfnisse der Kunden abgestimmt werden &#8211; die Produkte sind einzigartig und inspirierend &#8211; innovativ im Design &#8211; &hellip; <\/p>\n<p class=\"link-more\"><a href=\"https:\/\/schmuck-dambrosio.de\/?page_id=850\" class=\"more-link\"><span class=\"screen-reader-text\">\u201e&#8230; a small good thing\u201c<\/span> weiterlesen<\/a><\/p>\n","protected":false},"author":1,"featured_media":0,"parent":0,"menu_order":0,"comment_status":"closed","ping_status":"closed","template":"","meta":{"footnotes":""},"class_list":["post-850","page","type-page","status-publish","hentry"],"jetpack_sharing_enabled":true,"_links":{"self":[{"href":"https:\/\/schmuck-dambrosio.de\/index.php?rest_route=\/wp\/v2\/pages\/850"}],"collection":[{"href":"https:\/\/schmuck-dambrosio.de\/index.php?rest_route=\/wp\/v2\/pages"}],"about":[{"href":"https:\/\/schmuck-dambrosio.de\/index.php?rest_route=\/wp\/v2\/types\/page"}],"author":[{"embeddable":true,"href":"https:\/\/schmuck-dambrosio.de\/index.php?rest_route=\/wp\/v2\/users\/1"}],"replies":[{"embeddable":true,"href":"https:\/\/schmuck-dambrosio.de\/index.php?rest_route=%2Fwp%2Fv2%2Fcomments&post=850"}],"version-history":[{"count":41,"href":"https:\/\/schmuck-dambrosio.de\/index.php?rest_route=\/wp\/v2\/pages\/850\/revisions"}],"predecessor-version":[{"id":2212,"href":"https:\/\/schmuck-dambrosio.de\/index.php?rest_route=\/wp\/v2\/pages\/850\/revisions\/2212"}],"wp:attachment":[{"href":"https:\/\/schmuck-dambrosio.de\/index.php?rest_route=%2Fwp%2Fv2%2Fmedia&parent=850"}],"curies":[{"name":"wp","href":"https:\/\/api.w.org\/{rel}","templated":true}]}}