{"id":1298,"date":"2020-03-24T12:56:02","date_gmt":"2020-03-24T12:56:02","guid":{"rendered":"https:\/\/nadine.schmuck-dambrosio.de\/?post_type=product&#038;p=1298"},"modified":"2023-06-10T05:51:09","modified_gmt":"2023-06-10T05:51:09","slug":"cabochon-anhaenger","status":"publish","type":"product","link":"https:\/\/schmuck-dambrosio.de\/?product=cabochon-anhaenger","title":{"rendered":"Peridot Cabochon, gr\u00fcn"},"content":{"rendered":"<p>Peridot -Anh\u00e4nger , gr\u00fcn\u00a0 5 mm * \u00a0AG 925 goldplattiert<\/p>\n<p>Ankerkette AG \u00a0goldplattiert<\/p>\n<p>&nbsp;<\/p>\n<p>&nbsp;<\/p>\n","protected":false},"excerpt":{"rendered":"<p>&nbsp;<\/p>\n<p>&nbsp;<\/p>\n","protected":false},"featured_media":1394,"template":"","meta":[],"product_brand":[],"product_cat":[18],"product_tag":[],"class_list":{"0":"post-1298","1":"product","2":"type-product","3":"status-publish","4":"has-post-thumbnail","6":"product_cat-anhaenger","8":"first","9":"outofstock","10":"shipping-taxable","11":"product-type-simple"},"jetpack_sharing_enabled":true,"_links":{"self":[{"href":"https:\/\/schmuck-dambrosio.de\/index.php?rest_route=\/wp\/v2\/product\/1298"}],"collection":[{"href":"https:\/\/schmuck-dambrosio.de\/index.php?rest_route=\/wp\/v2\/product"}],"about":[{"href":"https:\/\/schmuck-dambrosio.de\/index.php?rest_route=\/wp\/v2\/types\/product"}],"wp:featuredmedia":[{"embeddable":true,"href":"https:\/\/schmuck-dambrosio.de\/index.php?rest_route=\/wp\/v2\/media\/1394"}],"wp:attachment":[{"href":"https:\/\/schmuck-dambrosio.de\/index.php?rest_route=%2Fwp%2Fv2%2Fmedia&parent=1298"}],"wp:term":[{"taxonomy":"product_brand","embeddable":true,"href":"https:\/\/schmuck-dambrosio.de\/index.php?rest_route=%2Fwp%2Fv2%2Fproduct_brand&post=1298"},{"taxonomy":"product_cat","embeddable":true,"href":"https:\/\/schmuck-dambrosio.de\/index.php?rest_route=%2Fwp%2Fv2%2Fproduct_cat&post=1298"},{"taxonomy":"product_tag","embeddable":true,"href":"https:\/\/schmuck-dambrosio.de\/index.php?rest_route=%2Fwp%2Fv2%2Fproduct_tag&post=1298"}],"curies":[{"name":"wp","href":"https:\/\/api.w.org\/{rel}","templated":true}]}}