{"id":1499,"date":"2020-04-08T10:01:45","date_gmt":"2020-04-08T10:01:45","guid":{"rendered":"https:\/\/nadine.schmuck-dambrosio.de\/?post_type=product&#038;p=1499"},"modified":"2023-06-10T05:34:26","modified_gmt":"2023-06-10T05:34:26","slug":"staebchen","status":"publish","type":"product","link":"https:\/\/schmuck-dambrosio.de\/?product=staebchen","title":{"rendered":"St\u00e4bchen"},"content":{"rendered":"<p>Silber 925 * St\u00e4bchen L\u00e4nge 40 mm<\/p>\n","protected":false},"excerpt":{"rendered":"<p>Silber 925 * St\u00e4bchen L\u00e4nge 40 mm<\/p>\n","protected":false},"featured_media":1527,"template":"","meta":[],"product_brand":[],"product_cat":[19],"product_tag":[],"class_list":{"0":"post-1499","1":"product","2":"type-product","3":"status-publish","4":"has-post-thumbnail","6":"product_cat-ohrringe","8":"first","9":"outofstock","10":"shipping-taxable","11":"product-type-simple"},"jetpack_sharing_enabled":true,"_links":{"self":[{"href":"https:\/\/schmuck-dambrosio.de\/index.php?rest_route=\/wp\/v2\/product\/1499"}],"collection":[{"href":"https:\/\/schmuck-dambrosio.de\/index.php?rest_route=\/wp\/v2\/product"}],"about":[{"href":"https:\/\/schmuck-dambrosio.de\/index.php?rest_route=\/wp\/v2\/types\/product"}],"wp:featuredmedia":[{"embeddable":true,"href":"https:\/\/schmuck-dambrosio.de\/index.php?rest_route=\/wp\/v2\/media\/1527"}],"wp:attachment":[{"href":"https:\/\/schmuck-dambrosio.de\/index.php?rest_route=%2Fwp%2Fv2%2Fmedia&parent=1499"}],"wp:term":[{"taxonomy":"product_brand","embeddable":true,"href":"https:\/\/schmuck-dambrosio.de\/index.php?rest_route=%2Fwp%2Fv2%2Fproduct_brand&post=1499"},{"taxonomy":"product_cat","embeddable":true,"href":"https:\/\/schmuck-dambrosio.de\/index.php?rest_route=%2Fwp%2Fv2%2Fproduct_cat&post=1499"},{"taxonomy":"product_tag","embeddable":true,"href":"https:\/\/schmuck-dambrosio.de\/index.php?rest_route=%2Fwp%2Fv2%2Fproduct_tag&post=1499"}],"curies":[{"name":"wp","href":"https:\/\/api.w.org\/{rel}","templated":true}]}}